{"id":742,"date":"2022-02-18T11:24:39","date_gmt":"2022-02-18T16:24:39","guid":{"rendered":"https:\/\/huddleyouth.wpengine.com\/?page_id=742"},"modified":"2022-05-13T13:41:25","modified_gmt":"2022-05-13T17:41:25","slug":"mobilisation-communautaire","status":"publish","type":"page","link":"https:\/\/huddlemanitoba.ca\/fr\/a-propos\/mobilisation-communautaire\/","title":{"rendered":"Mobilisation communautaire"},"content":{"rendered":"\t\t<div data-elementor-type=\"wp-page\" data-elementor-id=\"742\" class=\"elementor elementor-742 elementor-241\" data-elementor-post-type=\"page\">\n\t\t\t\t\t\t<section class=\"elementor-section elementor-top-section elementor-element elementor-element-3120cd5 elementor-section-full_width elementor-section-stretched elementor-section-height-default elementor-section-height-default\" data-id=\"3120cd5\" data-element_type=\"section\" data-settings=\"{&quot;stretch_section&quot;:&quot;section-stretched&quot;,&quot;background_background&quot;:&quot;classic&quot;}\">\n\t\t\t\t\t\t<div class=\"elementor-container elementor-column-gap-default\">\n\t\t\t\t\t<div class=\"elementor-column elementor-col-50 elementor-top-column elementor-element elementor-element-384cf49\" data-id=\"384cf49\" data-element_type=\"column\">\n\t\t\t<div class=\"elementor-widget-wrap elementor-element-populated\">\n\t\t\t\t\t\t<div class=\"elementor-element elementor-element-4a2b168 elementor-widget__width-initial elementor-widget-tablet__width-inherit elementor-widget elementor-widget-heading\" data-id=\"4a2b168\" data-element_type=\"widget\" data-widget_type=\"heading.default\">\n\t\t\t\t<div class=\"elementor-widget-container\">\n\t\t\t\t\t<h1 class=\"elementor-heading-title elementor-size-default\">Rassembler (Huddle) n\u2019est pas seulement <i>pour la<\/i> communaut\u00e9 \u2013 il est cr\u00e9\u00e9 <i>par<\/i> la communaut\u00e9<\/h1>\t\t\t\t<\/div>\n\t\t\t\t<\/div>\n\t\t\t\t<div class=\"elementor-element elementor-element-8a6263f elementor-widget__width-initial elementor-widget-tablet__width-inherit elementor-widget elementor-widget-text-editor\" data-id=\"8a6263f\" data-element_type=\"widget\" data-widget_type=\"text-editor.default\">\n\t\t\t\t<div class=\"elementor-widget-container\">\n\t\t\t\t\t\t\t\t\t<p>Les jeunes ont le droit de participer \u00e0 la prise de d\u00e9cisions qui les touchent. Ils sont les experts de leurs propres exp\u00e9riences.<\/p><p>Le succ\u00e8s de Rassembler (Huddle) d\u00e9pend de l\u2019\u00e9tablissement de liens authentiques avec les jeunes et les familles du Manitoba pour aider \u00e0 surmonter les obstacles actuels aux soins qu\u2019ils rencontrent.<\/p><p>Nous visons \u00e0 amplifier la voix de jeunes de divers milieux, y compris les jeunes autochtones, les personnes\u00a02SLGBTQ+, les francophones, les noirs, les personnes de couleur, les nouveaux arrivants au Canada, les neurodivergents, les personnes handicap\u00e9es, les personnes vivant dans des collectivit\u00e9s rurales ou \u00e9loign\u00e9es, les jeunes de 12 \u00e0 15\u00a0ans et leurs aidants. Cela nous aide \u00e0 offrir des services inclusifs et s\u00e9curitaires sur le plan culturel dans les carrefours jeunesse Rassembler (Huddle).<\/p>\t\t\t\t\t\t\t\t<\/div>\n\t\t\t\t<\/div>\n\t\t\t\t\t<\/div>\n\t\t<\/div>\n\t\t\t\t<div class=\"elementor-column elementor-col-50 elementor-top-column elementor-element elementor-element-c829d61\" data-id=\"c829d61\" data-element_type=\"column\" data-settings=\"{&quot;background_background&quot;:&quot;classic&quot;}\">\n\t\t\t<div class=\"elementor-widget-wrap elementor-element-populated\">\n\t\t\t\t\t\t<div class=\"elementor-element elementor-element-6933a85 elementor-widget elementor-widget-spacer\" data-id=\"6933a85\" data-element_type=\"widget\" data-widget_type=\"spacer.default\">\n\t\t\t\t<div class=\"elementor-widget-container\">\n\t\t\t\t\t\t\t<div class=\"elementor-spacer\">\n\t\t\t<div class=\"elementor-spacer-inner\"><\/div>\n\t\t<\/div>\n\t\t\t\t\t\t<\/div>\n\t\t\t\t<\/div>\n\t\t\t\t\t<\/div>\n\t\t<\/div>\n\t\t\t\t\t<\/div>\n\t\t<\/section>\n\t\t\t\t<section class=\"elementor-section elementor-top-section elementor-element elementor-element-3803fd8 elementor-section-full_width elementor-section-stretched elementor-reverse-tablet elementor-reverse-mobile elementor-section-height-default elementor-section-height-default\" data-id=\"3803fd8\" data-element_type=\"section\" data-settings=\"{&quot;stretch_section&quot;:&quot;section-stretched&quot;,&quot;background_background&quot;:&quot;classic&quot;}\">\n\t\t\t\t\t\t<div class=\"elementor-container elementor-column-gap-default\">\n\t\t\t\t\t<div class=\"elementor-column elementor-col-50 elementor-top-column elementor-element elementor-element-eb00d5f\" data-id=\"eb00d5f\" data-element_type=\"column\" data-settings=\"{&quot;background_background&quot;:&quot;classic&quot;}\">\n\t\t\t<div class=\"elementor-widget-wrap elementor-element-populated\">\n\t\t\t\t\t\t<div class=\"elementor-element elementor-element-f272c24 elementor-widget elementor-widget-gallery\" data-id=\"f272c24\" data-element_type=\"widget\" data-settings=\"{&quot;columns&quot;:2,&quot;gap&quot;:{&quot;unit&quot;:&quot;px&quot;,&quot;size&quot;:28,&quot;sizes&quot;:[]},&quot;aspect_ratio&quot;:&quot;1:1&quot;,&quot;columns_mobile&quot;:2,&quot;gap_tablet&quot;:{&quot;unit&quot;:&quot;px&quot;,&quot;size&quot;:23,&quot;sizes&quot;:[]},&quot;gallery_layout&quot;:&quot;grid&quot;,&quot;columns_tablet&quot;:2,&quot;gap_mobile&quot;:{&quot;unit&quot;:&quot;px&quot;,&quot;size&quot;:10,&quot;sizes&quot;:[]},&quot;content_hover_animation&quot;:&quot;fade-in&quot;}\" data-widget_type=\"gallery.default\">\n\t\t\t\t<div class=\"elementor-widget-container\">\n\t\t\t\t\t\t\t<div class=\"elementor-gallery__container\">\n\t\t\t\t\t\t\t<div class=\"e-gallery-item elementor-gallery-item elementor-animated-content\">\n\t\t\t\t\t<div class=\"e-gallery-image elementor-gallery-item__image\" data-thumbnail=\"https:\/\/huddlemanitoba.ca\/wp-content\/uploads\/2022\/05\/Branding-yac.png\" data-width=\"973\" data-height=\"720\" aria-label=\"\" role=\"img\" ><\/div>\n\t\t\t\t\t\t\t\t\t\t\t\t\t\t<\/div>\n\t\t\t\t\t\t\t<div class=\"e-gallery-item elementor-gallery-item elementor-animated-content\">\n\t\t\t\t\t<div class=\"e-gallery-image elementor-gallery-item__image\" data-thumbnail=\"https:\/\/huddlemanitoba.ca\/wp-content\/uploads\/2022\/05\/Engaging-youth-scaled.jpeg\" data-width=\"2560\" data-height=\"1704\" aria-label=\"\" role=\"img\" ><\/div>\n\t\t\t\t\t\t\t\t\t\t\t\t\t\t<\/div>\n\t\t\t\t\t<\/div>\n\t\t\t\t\t<\/div>\n\t\t\t\t<\/div>\n\t\t\t\t\t<\/div>\n\t\t<\/div>\n\t\t\t\t<div class=\"elementor-column elementor-col-50 elementor-top-column elementor-element elementor-element-7a8f3cc\" data-id=\"7a8f3cc\" data-element_type=\"column\">\n\t\t\t<div class=\"elementor-widget-wrap elementor-element-populated\">\n\t\t\t\t\t\t<div class=\"elementor-element elementor-element-a084405 elementor-widget__width-initial elementor-widget-tablet__width-inherit elementor-widget elementor-widget-heading\" data-id=\"a084405\" data-element_type=\"widget\" data-widget_type=\"heading.default\">\n\t\t\t\t<div class=\"elementor-widget-container\">\n\t\t\t\t\t<h2 class=\"elementor-heading-title elementor-size-default\">Comment Rassembler (Huddle) mobilise-t-il les jeunes?<\/h2>\t\t\t\t<\/div>\n\t\t\t\t<\/div>\n\t\t\t\t<div class=\"elementor-element elementor-element-f357aa5 elementor-widget__width-initial elementor-widget-tablet__width-inherit elementor-widget elementor-widget-text-editor\" data-id=\"f357aa5\" data-element_type=\"widget\" data-widget_type=\"text-editor.default\">\n\t\t\t\t<div class=\"elementor-widget-container\">\n\t\t\t\t\t\t\t\t\t<p>Plus de 100\u00a0jeunes de diverses communaut\u00e9s du Manitoba ont particip\u00e9 au processus de cr\u00e9ation de la marque Rassembler (Huddle). Ils ont orient\u00e9 les valeurs de la marque et la conception des carrefours jeunesse. Ils ont r\u00e9fl\u00e9chi, dessin\u00e9 et cr\u00e9\u00e9 avec nous, puis nous ont fait part de leurs commentaires sur les projets de conception, nous aidant ainsi \u00e0 \u00e9tablir des liens avec eux comme ils le souhaitent.<\/p><p>\u00c0 l\u2019\u00e9chelle provinciale, un conseil consultatif de jeunes contribue \u00e0 fa\u00e7onner le mod\u00e8le de soins de tous nos carrefours jeunesse. Ce groupe de jeunes Manitobains influence directement la fa\u00e7on dont les participants acc\u00e8dent aux services dans notre province. Ils fournissent une r\u00e9troaction et des commentaires en s\u2019appuyant sur leur exp\u00e9rience personnelle, travaillent en groupe pour imaginer l\u2019avenir de nos carrefours jeunesse, acqui\u00e8rent de nouvelles comp\u00e9tences et rencontrent de nouvelles personnes.<\/p><p>Chaque carrefour jeunesse Rassembler (Huddle) est \u00e9galement dot\u00e9 d\u2019un conseil consultatif de jeunes qui contribue \u00e0 l\u2019orientation \u00e0 l\u2019\u00e9chelle locale. Ce conseil offre aux jeunes la possibilit\u00e9 de participer \u00e0 l\u2019organisation d\u2019\u00e9v\u00e9nements, \u00e0 la programmation, au soutien \u00e0 nos communaut\u00e9s, \u00e0 la d\u00e9fense des droits et au soutien par les pairs \u00e0 d\u2019autres jeunes en qu\u00eate d\u2019aide de concert avec nos \u00e9quipes.<\/p>\t\t\t\t\t\t\t\t<\/div>\n\t\t\t\t<\/div>\n\t\t\t\t<div class=\"elementor-element elementor-element-e1327f9 elementor-widget__width-initial elementor-widget-tablet__width-inherit elementor-widget elementor-widget-button\" data-id=\"e1327f9\" data-element_type=\"widget\" data-widget_type=\"button.default\">\n\t\t\t\t<div class=\"elementor-widget-container\">\n\t\t\t\t\t\t\t\t\t<div class=\"elementor-button-wrapper\">\n\t\t\t\t\t<a class=\"elementor-button elementor-button-link elementor-size-sm\" href=\"\/fr\/trouver-un-carrefour-jeunesse\/\">\n\t\t\t\t\t\t<span class=\"elementor-button-content-wrapper\">\n\t\t\t\t\t\t\t\t\t<span class=\"elementor-button-text\">Communiquez avec nous pour t\u2019impliquer<\/span>\n\t\t\t\t\t<\/span>\n\t\t\t\t\t<\/a>\n\t\t\t\t<\/div>\n\t\t\t\t\t\t\t\t<\/div>\n\t\t\t\t<\/div>\n\t\t\t\t\t<\/div>\n\t\t<\/div>\n\t\t\t\t\t<\/div>\n\t\t<\/section>\n\t\t\t\t<section class=\"elementor-section elementor-top-section elementor-element elementor-element-35b5ac8 elementor-section-full_width elementor-section-stretched elementor-section-height-default elementor-section-height-default\" data-id=\"35b5ac8\" data-element_type=\"section\" data-settings=\"{&quot;stretch_section&quot;:&quot;section-stretched&quot;,&quot;background_background&quot;:&quot;classic&quot;}\">\n\t\t\t\t\t\t<div class=\"elementor-container elementor-column-gap-default\">\n\t\t\t\t\t<div class=\"elementor-column elementor-col-50 elementor-top-column elementor-element elementor-element-eabbc00\" data-id=\"eabbc00\" data-element_type=\"column\">\n\t\t\t<div class=\"elementor-widget-wrap elementor-element-populated\">\n\t\t\t\t\t\t<div class=\"elementor-element elementor-element-a6d9f4f elementor-widget__width-initial elementor-widget-tablet__width-inherit elementor-widget elementor-widget-heading\" data-id=\"a6d9f4f\" data-element_type=\"widget\" data-widget_type=\"heading.default\">\n\t\t\t\t<div class=\"elementor-widget-container\">\n\t\t\t\t\t<h2 class=\"elementor-heading-title elementor-size-default\">Conseil consultatif des familles<\/h2>\t\t\t\t<\/div>\n\t\t\t\t<\/div>\n\t\t\t\t<div class=\"elementor-element elementor-element-d229233 elementor-widget__width-initial elementor-widget-tablet__width-inherit elementor-widget elementor-widget-text-editor\" data-id=\"d229233\" data-element_type=\"widget\" data-widget_type=\"text-editor.default\">\n\t\t\t\t<div class=\"elementor-widget-container\">\n\t\t\t\t\t\t\t\t\t<p>Notre Conseil consultatif des familles offre aux parents et aux aidants la possibilit\u00e9 de contribuer \u00e0 la planification des programmes, \u00e0 la collecte de fonds et aux efforts de sensibilisation pour les carrefours jeunesse Rassembler (Huddle). Nous ne soutenons pas seulement les jeunes, nous soutenons \u00e9galement leurs familles, et votre voix nous aide \u00e0 fa\u00e7onner nos activit\u00e9s et \u00e0 \u00e9valuer nos r\u00e9sultats. De plus, vous acquerrez des comp\u00e9tences et des connaissances sur la meilleure fa\u00e7on de soutenir les jeunes qui peuvent \u00e9prouver des difficult\u00e9s.<\/p><p>La \u00ab\u00a0famille\u00a0\u00bb ne se limite pas aux parents biologiques\u00a0\u2013 une famille est un cercle de soins et de soutien qui offre un engagement durable \u00e0 prendre soin les uns des autres, et peut \u00eatre compos\u00e9e de personnes ayant des liens affectifs, culturels ou juridiques. Cela comprend les personnes que la personne recevant les soins consid\u00e8re comme importantes pour son bien-\u00eatre.<\/p>\t\t\t\t\t\t\t\t<\/div>\n\t\t\t\t<\/div>\n\t\t\t\t<div class=\"elementor-element elementor-element-f2206f0 elementor-widget__width-initial elementor-widget-tablet__width-inherit elementor-widget elementor-widget-button\" data-id=\"f2206f0\" data-element_type=\"widget\" data-widget_type=\"button.default\">\n\t\t\t\t<div class=\"elementor-widget-container\">\n\t\t\t\t\t\t\t\t\t<div class=\"elementor-button-wrapper\">\n\t\t\t\t\t<a class=\"elementor-button elementor-button-link elementor-size-sm\" href=\"mailto:youthhubs@unitedwaywinnipeg.ca\">\n\t\t\t\t\t\t<span class=\"elementor-button-content-wrapper\">\n\t\t\t\t\t\t\t\t\t<span class=\"elementor-button-text\">Communiquez avec nous pour en apprendre davantage<\/span>\n\t\t\t\t\t<\/span>\n\t\t\t\t\t<\/a>\n\t\t\t\t<\/div>\n\t\t\t\t\t\t\t\t<\/div>\n\t\t\t\t<\/div>\n\t\t\t\t\t<\/div>\n\t\t<\/div>\n\t\t\t\t<div class=\"elementor-column elementor-col-50 elementor-top-column elementor-element elementor-element-5e9de0f\" data-id=\"5e9de0f\" data-element_type=\"column\" data-settings=\"{&quot;background_background&quot;:&quot;classic&quot;}\">\n\t\t\t<div class=\"elementor-widget-wrap elementor-element-populated\">\n\t\t\t\t\t\t<div class=\"elementor-element elementor-element-7adbb5a elementor-widget elementor-widget-spacer\" data-id=\"7adbb5a\" data-element_type=\"widget\" data-widget_type=\"spacer.default\">\n\t\t\t\t<div class=\"elementor-widget-container\">\n\t\t\t\t\t\t\t<div class=\"elementor-spacer\">\n\t\t\t<div class=\"elementor-spacer-inner\"><\/div>\n\t\t<\/div>\n\t\t\t\t\t\t<\/div>\n\t\t\t\t<\/div>\n\t\t\t\t\t<\/div>\n\t\t<\/div>\n\t\t\t\t\t<\/div>\n\t\t<\/section>\n\t\t\t\t<section class=\"elementor-section elementor-top-section elementor-element elementor-element-e5aaeb7 elementor-section-boxed elementor-section-height-default elementor-section-height-default\" data-id=\"e5aaeb7\" data-element_type=\"section\" id=\"single-location-background\" data-settings=\"{&quot;background_background&quot;:&quot;classic&quot;}\">\n\t\t\t\t\t\t<div class=\"elementor-container elementor-column-gap-default\">\n\t\t\t\t\t<div class=\"elementor-column elementor-col-100 elementor-top-column elementor-element elementor-element-d4b749c\" data-id=\"d4b749c\" data-element_type=\"column\">\n\t\t\t<div class=\"elementor-widget-wrap elementor-element-populated\">\n\t\t\t\t\t\t<div class=\"elementor-element elementor-element-f64c398 elementor-widget elementor-widget-heading\" data-id=\"f64c398\" data-element_type=\"widget\" data-widget_type=\"heading.default\">\n\t\t\t\t<div class=\"elementor-widget-container\">\n\t\t\t\t\t<h2 class=\"elementor-heading-title elementor-size-default\">Quelles seront les prochaines \u00e9tapes?<\/h2>\t\t\t\t<\/div>\n\t\t\t\t<\/div>\n\t\t\t\t<div class=\"elementor-element elementor-element-2dccbed elementor-widget-tablet__width-inherit elementor-widget elementor-widget-text-editor\" data-id=\"2dccbed\" data-element_type=\"widget\" data-widget_type=\"text-editor.default\">\n\t\t\t\t<div class=\"elementor-widget-container\">\n\t\t\t\t\t\t\t\t\t<p>L\u2019engagement continu aupr\u00e8s des jeunes et des familles nous aide \u00e0 fournir des soins de qualit\u00e9 facilement accessibles, tout en mettant l\u2019accent sur l\u2019\u00e9valuation et l\u2019am\u00e9lioration. Dis-nous comment nous pouvons nous am\u00e9liorer, et nous \u00e9couterons et apprendrons.\u00a0<\/p>\t\t\t\t\t\t\t\t<\/div>\n\t\t\t\t<\/div>\n\t\t\t\t<div class=\"elementor-element elementor-element-5bd2eaf elementor-widget elementor-widget-button\" data-id=\"5bd2eaf\" data-element_type=\"widget\" data-widget_type=\"button.default\">\n\t\t\t\t<div class=\"elementor-widget-container\">\n\t\t\t\t\t\t\t\t\t<div class=\"elementor-button-wrapper\">\n\t\t\t\t\t<a class=\"elementor-button elementor-button-link elementor-size-sm\" href=\"mailto:youthhubs@unitedwaywinnipeg.ca\" target=\"_blank\">\n\t\t\t\t\t\t<span class=\"elementor-button-content-wrapper\">\n\t\t\t\t\t\t\t\t\t<span class=\"elementor-button-text\">Communiquez avec nous pour t\u2019impliquer<\/span>\n\t\t\t\t\t<\/span>\n\t\t\t\t\t<\/a>\n\t\t\t\t<\/div>\n\t\t\t\t\t\t\t\t<\/div>\n\t\t\t\t<\/div>\n\t\t\t\t\t<\/div>\n\t\t<\/div>\n\t\t\t\t\t<\/div>\n\t\t<\/section>\n\t\t\t\t<\/div>\n\t\t","protected":false},"excerpt":{"rendered":"<p>Rassembler (Huddle) n\u2019est pas seulement pour la communaut\u00e9 \u2013 il est cr\u00e9\u00e9 par la communaut\u00e9 Les jeunes ont le droit de participer \u00e0 la prise de d\u00e9cisions qui les touchent. Ils sont les experts de leurs propres exp\u00e9riences. Le succ\u00e8s de Rassembler (Huddle) d\u00e9pend de l\u2019\u00e9tablissement de liens authentiques avec les jeunes et les familles [&hellip;]<\/p>\n","protected":false},"author":3,"featured_media":0,"parent":741,"menu_order":0,"comment_status":"closed","ping_status":"closed","template":"","meta":{"_acf_changed":false,"footnotes":""},"class_list":["post-742","page","type-page","status-publish","hentry"],"acf":[],"aioseo_notices":[],"_links":{"self":[{"href":"https:\/\/huddlemanitoba.ca\/fr\/wp-json\/wp\/v2\/pages\/742","targetHints":{"allow":["GET"]}}],"collection":[{"href":"https:\/\/huddlemanitoba.ca\/fr\/wp-json\/wp\/v2\/pages"}],"about":[{"href":"https:\/\/huddlemanitoba.ca\/fr\/wp-json\/wp\/v2\/types\/page"}],"author":[{"embeddable":true,"href":"https:\/\/huddlemanitoba.ca\/fr\/wp-json\/wp\/v2\/users\/3"}],"replies":[{"embeddable":true,"href":"https:\/\/huddlemanitoba.ca\/fr\/wp-json\/wp\/v2\/comments?post=742"}],"version-history":[{"count":3,"href":"https:\/\/huddlemanitoba.ca\/fr\/wp-json\/wp\/v2\/pages\/742\/revisions"}],"predecessor-version":[{"id":1078,"href":"https:\/\/huddlemanitoba.ca\/fr\/wp-json\/wp\/v2\/pages\/742\/revisions\/1078"}],"up":[{"embeddable":true,"href":"https:\/\/huddlemanitoba.ca\/fr\/wp-json\/wp\/v2\/pages\/741"}],"wp:attachment":[{"href":"https:\/\/huddlemanitoba.ca\/fr\/wp-json\/wp\/v2\/media?parent=742"}],"curies":[{"name":"wp","href":"https:\/\/api.w.org\/{rel}","templated":true}]}}